{"id":2,"date":"2021-08-25T18:52:45","date_gmt":"2021-08-25T18:52:45","guid":{"rendered":"http:\/\/nonsolopiano.de\/?page_id=2"},"modified":"2025-09-04T15:09:32","modified_gmt":"2025-09-04T15:09:32","slug":"sample-page","status":"publish","type":"page","link":"https:\/\/nonsolopiano.de\/","title":{"rendered":"Herzlich Willkommen"},"content":{"rendered":"<p>[et_pb_section fb_built=&#8220;1&#8243; _builder_version=&#8220;4.16&#8243; global_colors_info=&#8220;{}&#8220;][et_pb_row _builder_version=&#8220;4.16&#8243; background_size=&#8220;initial&#8220; background_position=&#8220;top_left&#8220; background_repeat=&#8220;repeat&#8220; width=&#8220;100%&#8220; custom_margin=&#8220;0px||||false|false&#8220; custom_margin_tablet=&#8220;-20px||||false|false&#8220; custom_margin_phone=&#8220;-40px||||false|false&#8220; custom_margin_last_edited=&#8220;on|tablet&#8220; global_colors_info=&#8220;{}&#8220;][et_pb_column type=&#8220;4_4&#8243; _builder_version=&#8220;4.16&#8243; custom_padding=&#8220;|||&#8220; global_colors_info=&#8220;{}&#8220; custom_padding__hover=&#8220;|||&#8220;][et_pb_post_title meta=&#8220;off&#8220; featured_image=&#8220;off&#8220; _builder_version=&#8220;4.16&#8243; _module_preset=&#8220;default&#8220; title_text_align=&#8220;center&#8220; title_text_color=&#8220;#6300A0&#8243; title_font_size=&#8220;45px&#8220; global_colors_info=&#8220;{}&#8220;][\/et_pb_post_title][et_pb_text _builder_version=&#8220;4.16&#8243; text_text_color=&#8220;#6300A0&#8243; text_font_size=&#8220;22px&#8220; text_line_height=&#8220;1.9em&#8220; header_text_align=&#8220;center&#8220; header_font_size=&#8220;32px&#8220; header_line_height=&#8220;1.1em&#8220; header_3_text_color=&#8220;#6300A0&#8243; header_3_font_size=&#8220;24px&#8220; header_3_line_height=&#8220;1.4em&#8220; background_color=&#8220;rgba(99,0,160,0.19)&#8220; background_size=&#8220;initial&#8220; background_position=&#8220;top_left&#8220; background_repeat=&#8220;repeat&#8220; custom_margin=&#8220;42px||||false|false&#8220; custom_padding=&#8220;30px|60px|30px|60px|true|true&#8220; custom_padding_tablet=&#8220;|20px||20px|true|true&#8220; custom_padding_phone=&#8220;|15px||15px|true|true&#8220; custom_padding_last_edited=&#8220;on|phone&#8220; text_font_size_tablet=&#8220;&#8220; text_font_size_phone=&#8220;26px&#8220; text_font_size_last_edited=&#8220;on|phone&#8220; header_3_font_size_tablet=&#8220;&#8220; header_3_font_size_phone=&#8220;21px&#8220; header_3_font_size_last_edited=&#8220;on|phone&#8220; border_radii=&#8220;on|10px|10px|10px|10px&#8220; border_width_all=&#8220;0px&#8220; global_colors_info=&#8220;{}&#8220;]<\/p>\n<h3 style=\"text-align: center;\"><!-- divi:paragraph -->Ich begr\u00fc\u00dfe Sie\u00a0herzlich auf den Seiten von\u00a0NonSoloPiano.<\/h3>\n<h3 style=\"text-align: center;\">Klavier- und Cellounterricht in\u00a0Braunschweig f\u00fcr\u00a0Kinder, Jugendliche\u00a0und Erwachsene.\u00a0Anf\u00e4nger oder\u00a0Fortgeschrittene&#8230;,\u00a0jeder ist willkommen.<\/h3>\n<h3 style=\"text-align: center;\">Gerne k\u00f6nnen Sie\u00a0eine Probestunde mit mir\u00a0vereinbaren.<\/h3>\n<h3 style=\"text-align: center;\">Tanja Hiller<\/h3>\n<p style=\"text-align: left;\"><!-- \/divi:paragraph --><\/p>\n<p>[\/et_pb_text][et_pb_blog_extras featured_image_size=&#8220;full&#8220; use_read_more_button=&#8220;on&#8220; read_more_text=&#8220;mehr lesen&#8220; show_author=&#8220;off&#8220; show_date=&#8220;off&#8220; show_categories=&#8220;off&#8220; show_comments=&#8220;off&#8220; content_color=&#8220;#6300A0&#8243; _builder_version=&#8220;4.20.2&#8243; _module_preset=&#8220;default&#8220; header_font=&#8220;||||||||&#8220; header_text_align=&#8220;center&#8220; header_text_color=&#8220;#6300A0&#8243; header_font_size=&#8220;31px&#8220; body_text_align=&#8220;center&#8220; body_text_color=&#8220;#6300A0&#8243; body_font_size=&#8220;17px&#8220; body_line_height=&#8220;1.7em&#8220; background_color=&#8220;rgba(178,5,178,0.08)&#8220; background_color_gradient_direction=&#8220;162deg&#8220; custom_read_more=&#8220;on&#8220; read_more_text_size=&#8220;11px&#8220; read_more_text_color=&#8220;#B205B2&#8243; read_more_alignment=&#8220;center&#8220; module_alignment=&#8220;center&#8220; custom_margin=&#8220;60px|0px||0px|false|false&#8220; custom_padding=&#8220;|0px||0px|false|false&#8220; hover_enabled=&#8220;0&#8243; box_shadow_style=&#8220;preset1&#8243; global_colors_info=&#8220;{}&#8220; sticky_enabled=&#8220;0&#8243;][\/et_pb_blog_extras][\/et_pb_column][\/et_pb_row][et_pb_row _builder_version=&#8220;4.16&#8243; _module_preset=&#8220;default&#8220; global_colors_info=&#8220;{}&#8220;][et_pb_column type=&#8220;4_4&#8243; _builder_version=&#8220;4.16&#8243; _module_preset=&#8220;default&#8220; global_colors_info=&#8220;{}&#8220;][et_pb_text _builder_version=&#8220;4.16&#8243; text_font_size=&#8220;20px&#8220; header_text_color=&#8220;#6300A0&#8243; header_2_text_color=&#8220;#6300A0&#8243; header_2_font_size=&#8220;24px&#8220; header_2_line_height=&#8220;1.6em&#8220; header_3_text_color=&#8220;#6300A0&#8243; background_size=&#8220;initial&#8220; background_position=&#8220;top_left&#8220; background_repeat=&#8220;repeat&#8220; custom_margin=&#8220;59px|||||&#8220; locked=&#8220;off&#8220; global_colors_info=&#8220;{}&#8220; transform_styles__hover_enabled=&#8220;on|hover&#8220; transform_scale__hover_enabled=&#8220;on|hover&#8220; transform_translate__hover_enabled=&#8220;on|desktop&#8220; transform_rotate__hover_enabled=&#8220;on|desktop&#8220; transform_skew__hover_enabled=&#8220;on|desktop&#8220; transform_origin__hover_enabled=&#8220;on|desktop&#8220; transform_scale__hover=&#8220;109%|109%&#8220;]<\/p>\n<h1 style=\"text-align: center;\">NonSoloPiano<\/h1>\n<h2 style=\"text-align: center;\">_____________________<\/h2>\n<p>&nbsp;<\/p>\n<h2 style=\"text-align: center;\"><a href=\"https:\/\/goo.gl\/maps\/JKmhXNqJMtH7bbEu5\">\u00a0Musikschule: Friedrich Wilhelm Stra\u00dfe 4,\u00a038100 Braunschweig<\/a><\/h2>\n<h2 style=\"text-align: center;\">_____________________<\/h2>\n<p>&nbsp;<\/p>\n<h2 style=\"text-align: center;\"><a href=\"callto:0163%2033 930 16\">mobil: 0163 33 930 16<\/a><\/h2>\n<h2 style=\"text-align: center;\">_____________________<\/h2>\n<h2 style=\"text-align: center;\"><\/h2>\n<h2 style=\"text-align: center;\"><a href=\"mailto:hiller@nonsolopiano.de\">hiller@nonsolopiano.de<\/a><\/h2>\n<h2 style=\"text-align: center;\">_____________________<\/h2>\n<p>[\/et_pb_text][\/et_pb_column][\/et_pb_row][\/et_pb_section]<\/p>\n","protected":false},"excerpt":{"rendered":"<p>Ich begr\u00fc\u00dfe Sie\u00a0herzlich auf den Seiten von\u00a0NonSoloPiano. Klavier- und Cellounterricht in\u00a0Braunschweig f\u00fcr\u00a0Kinder, Jugendliche\u00a0und Erwachsene.\u00a0Anf\u00e4nger oder\u00a0Fortgeschrittene&#8230;,\u00a0jeder ist willkommen. Gerne k\u00f6nnen Sie\u00a0eine Probestunde mit mir\u00a0vereinbaren. Tanja Hiller NonSoloPiano _____________________ &nbsp; \u00a0Musikschule: Friedrich Wilhelm Stra\u00dfe 4,\u00a038100 Braunschweig _____________________ &nbsp; mobil: 0163 33 930 16 _____________________ hiller@nonsolopiano.de _____________________<\/p>\n","protected":false},"author":1,"featured_media":0,"parent":0,"menu_order":0,"comment_status":"closed","ping_status":"open","template":"","meta":{"_et_pb_use_builder":"on","_et_pb_old_content":"<!-- wp:paragraph -->\n<p>Ich begr\u00fc\u00dfe Sie&nbsp;herzlich auf den&nbsp;digitalen Seiten von&nbsp;NonSoloPiano.<\/p>\n<!-- \/wp:paragraph -->\n\n<!-- wp:paragraph -->\n<p>Hier k\u00f6nnen Sie sich&nbsp;ein wenig \u00fcber meine&nbsp;Unterrichtsphilosophie&nbsp;informieren, eine&nbsp;Wegbeschreibung&nbsp;finden, sich Bilder des&nbsp;Unterrichtsraumes&nbsp;anschauen oder \u00fcber&nbsp;das Formular mit mir&nbsp;in Kontakt treten.<\/p>\n<!-- \/wp:paragraph -->\n\n<!-- wp:paragraph -->\n<p>Klavierunterricht in&nbsp;Braunschweig f\u00fcr&nbsp;Kinder, Jugendliche&nbsp;und Erwachsene.&nbsp;Anf\u00e4nger oder&nbsp;Fortgeschrittene...,&nbsp;jeder ist willkommen.&nbsp;Gerne k\u00f6nnen Sie&nbsp;eine kostenlose&nbsp;Probestunde mit mir&nbsp;vereinbaren.<\/p>\n<!-- \/wp:paragraph -->\n\n<!-- wp:paragraph -->\n<p>Ich freue mich auf&nbsp;Ihren Anruf.&nbsp;<br>Ihre Tanja Hiller<\/p>\n<!-- \/wp:paragraph -->","_et_gb_content_width":"","footnotes":""},"class_list":["post-2","page","type-page","status-publish","hentry"],"_links":{"self":[{"href":"https:\/\/nonsolopiano.de\/index.php?rest_route=\/wp\/v2\/pages\/2","targetHints":{"allow":["GET"]}}],"collection":[{"href":"https:\/\/nonsolopiano.de\/index.php?rest_route=\/wp\/v2\/pages"}],"about":[{"href":"https:\/\/nonsolopiano.de\/index.php?rest_route=\/wp\/v2\/types\/page"}],"author":[{"embeddable":true,"href":"https:\/\/nonsolopiano.de\/index.php?rest_route=\/wp\/v2\/users\/1"}],"replies":[{"embeddable":true,"href":"https:\/\/nonsolopiano.de\/index.php?rest_route=%2Fwp%2Fv2%2Fcomments&post=2"}],"version-history":[{"count":36,"href":"https:\/\/nonsolopiano.de\/index.php?rest_route=\/wp\/v2\/pages\/2\/revisions"}],"predecessor-version":[{"id":296,"href":"https:\/\/nonsolopiano.de\/index.php?rest_route=\/wp\/v2\/pages\/2\/revisions\/296"}],"wp:attachment":[{"href":"https:\/\/nonsolopiano.de\/index.php?rest_route=%2Fwp%2Fv2%2Fmedia&parent=2"}],"curies":[{"name":"wp","href":"https:\/\/api.w.org\/{rel}","templated":true}]}}